{"id":3,"date":"2019-03-02T10:04:47","date_gmt":"2019-03-02T09:04:47","guid":{"rendered":"http:\/\/www.giampietrograssedonio.it\/web\/?page_id=3"},"modified":"2024-12-18T17:52:46","modified_gmt":"2024-12-18T16:52:46","slug":"privacy-policy","status":"publish","type":"page","link":"https:\/\/giampietrograssedonio.it\/web\/privacy-policy\/","title":{"rendered":"Privacy &#038; Cookie Policy"},"content":{"rendered":"<p>[vc_row][vc_column][vc_column_text]<\/p>\n<p><strong>INFORMATIVA PER IL TRATTAMENTO DI DATI\u00a0 <\/strong><\/p>\n<p>In questa pagina si descrivono le modalit\u00e0 di gestione del sito in riferimento al trattamento dei dati personali degli utenti che lo consultano, nonch\u00e9 modalit\u00e0 e finalit\u00e0 di trattamento dei dati personali.<\/p>\n<p>Si tratta di un\u2019informativa resa ai sensi degli artt.13-14 del Regolamento (UE) 2016\/679 -di seguito, GDPR a coloro che interagiscono con i servizi web accessibili per via telematica a partire dall\u2019indirizzo: <a href=\"http:\/\/www.giampietrograssedonio.it\/\">www.giampietrograssedonio.it<\/a><\/p>\n<p>&nbsp;<\/p>\n<p>Questo sito \u00e8 di propriet\u00e0 di<strong> STUDIO ASSOCIATO GIAMPIETRO E GRASSEDONIO <\/strong>che gestisce e mantiene questo sito con lo scopo di fornire informazioni e comunicazioni inerenti i prodotti o i servizi offerti.<\/p>\n<p>&nbsp;<\/p>\n<p>L&#8217;informativa \u00e8 resa solo per il sito in oggetto e non anche per altri siti Web eventualmente consultabili tramite i nostri links, di cui <strong>\u00a0STUDIO ASSOCIATO GIAMPIETRO E GRASSEDONIO <\/strong>non \u00e8 in alcun modo responsabile.<\/p>\n<p>&nbsp;<\/p>\n<p><strong>STUDIO ASSOCIATO GIAMPIETRO E GRASSEDONIO<\/strong> con sede in Carignano (TO) &#8211; 10041 &#8211; Via Umberto I, 5 nella qualit\u00e0 di Titolare del trattamento dei Suoi dati personali, ai sensi e per gli effetti del Reg.to UE 2016\/679 &#8211; GDPR, con la presente La informa che la citata normativa prevede la tutela degli interessati rispetto al trattamento dei dati personali e che tale trattamento sar\u00e0 improntato ai principi di correttezza, liceit\u00e0, trasparenza e di tutela della Sua riservatezza e dei Suoi diritti.<\/p>\n<p>&nbsp;<\/p>\n<p><strong>Dati di contatto del Titolare<\/strong><\/p>\n<p>Il Titolare del trattamento \u00e8 contattabile ai seguenti recapiti:<\/p>\n<ul>\n<li>Telefono: <strong>011 96 97 574<\/strong><\/li>\n<li>Email: <a href=\"mailto:amministrazione@giampietrograssedonio.it\"><strong>amministrazione@giampietrograssedonio.it<\/strong><\/a><\/li>\n<\/ul>\n<p><strong>\u00a0<\/strong><\/p>\n<p>I Suoi dati personali verranno trattati in accordo alle disposizioni legislative della normativa sopra richiamata e degli obblighi di riservatezza ivi previsti.<\/p>\n<p><strong>\u00a0<\/strong><\/p>\n<p><strong>TIPI DI DATI TRATTATI<\/strong><\/p>\n<p><strong>Dati di Navigazione<\/strong><\/p>\n<p>I sistemi informatici e le procedure software preposte al\u00a0funzionamento di questo sito web acquisiscono, nel corso del loro normale esercizio, alcuni dati personali la cui trasmissione \u00e8 implicita nell&#8217;uso dei protocolli di comunicazione di Internet. Si tratta d&#8217;informazioni che non sono raccolte per essere associate ad interessati identificati, ma che per loro stessa natura potrebbero, attraverso elaborazioni ed associazioni con dati detenuti da terzi, permettere di identificare gli utenti. In questa categoria di dati rientrano gli indirizzi IP o i nomi a dominio dei computer utilizzati dagli utenti che si connettono al sito, gli indirizzi in notazione URI (Uniform Resource Identifier) delle risorse richieste, l&#8217;orario della richiesta, il metodo utilizzato nel sottoporre la richiesta al server, la dimensione del file ottenuto in risposta, il codice numerico indicante lo stato della risposta data dal server (buon fine, errore, ecc.) ed altri parametri relativi al sistema operativo e all&#8217;ambiente informatico dell&#8217;utente. Questi dati sono utilizzati al solo fine di ricavare informazioni statistiche anonime sull&#8217;uso del sito e per controllarne il corretto funzionamento e vengono cancellati immediatamente dopo l&#8217;elaborazione. I dati potrebbero essere utilizzati per l&#8217;accertamento di responsabilit\u00e0 in caso di ipotetici reati informatici ai danni del sito.<\/p>\n<p><strong>\u00a0<\/strong><\/p>\n<p><strong>Dati forniti volontariamente dall&#8217;utente<\/strong><\/p>\n<ul>\n<li><strong>INVIO DI COMUNICAZIONI AI NOSTRI INDIRIZZI EMAIL: <\/strong>l&#8217;invio facoltativo, esplicito e volontario di posta elettronica agli indirizzi indicati su questo sito, per l\u2019invio di richieste specifiche, comportano la successiva acquisizione dell&#8217;indirizzo del mittente, necessario per rispondere alle richieste, nonch\u00e9 degli eventuali altri dati personali inseriti nella missiva.<\/li>\n<li><strong>CONTATTACI:<\/strong> la compilazione del form di raccolta dati, esplicito e volontario, finalizzato alle richieste di informazioni, comporta la successiva acquisizione dell&#8217;indirizzo del mittente, necessario per rispondere alle richieste, nonch\u00e9 degli eventuali altri dati personali inseriti nella richiesta di informazioni.<\/li>\n<\/ul>\n<p>Specifiche informative di sintesi vengono riportate o visualizzate nelle pagine del sito predisposte per particolari servizi a richiesta.<\/p>\n<p><strong>\u00a0<\/strong><\/p>\n<p><strong>MODALITA&#8217; DEL TRATTAMENTO<\/strong><\/p>\n<p>I dati vengono trattati principalmente con strumenti elettronici e informatici e memorizzati sia su supporti informatici che su supporti cartacei che su ogni altro tipo di supporto idoneo, nel rispetto delle modalit\u00e0 di cui agli artt. 6, 32 del GDPR e mediante l&#8217;adozione delle adeguate misure di sicurezza previste per prevenire la perdita di dati, usi illeciti o non corretti ed accessi non autorizzati.<\/p>\n<p>La informiamo che, per fornire un servizio completo il nostro portale potrebbe contenere\u00a0link ad altri siti web, non gestiti da noi. Non siamo responsabili di errori, contenuti, cookies, pubblicazioni di contenuto morale illecito, pubblicit\u00e0, banner o files non conformi alle disposizioni normative vigenti e del rispetto della normativa Privacy da parte di siti da noi gestiti a cui si fa riferimento. Per migliorare il servizio offerto \u00e8 gradita una immediata segnalazione di malfunzionamenti, abusi o suggerimenti all\u2019indirizzo di posta elettronica: amministrazione@giampietrograssedonio.it<\/p>\n<p>I suoi dati saranno trattati unicamente da personale espressamente autorizzato dal Titolare.<\/p>\n<p><strong>\u00a0<\/strong><\/p>\n<p><strong>FINALIT\u00c0 DEL TRATTAMENTO E BASE GIURIDICA<\/strong><\/p>\n<p>Il trattamento dei dati verr\u00e0 effettuato per le seguenti finalit\u00e0:<\/p>\n<ol>\n<li>Navigazione nel sito. La base giuridica del trattamento \u00e8 il consenso da parte dell\u2019interessato, ai sensi dell\u2019art. 6, par. 1, lett. a) del Regolamento. Il conferimento dei dati per queste finalit\u00e0 \u00e8 facoltativo, ma l\u2019eventuale mancato conferimento comporterebbe l\u2019impossibilit\u00e0 di navigare nel sito;<\/li>\n<li>fornire informazioni su servizi e prodotti forniti e circa variazioni di prodotti o servizi. La base giuridica del trattamento \u00e8 il consenso da parte dell\u2019interessato, ai sensi dell\u2019art. 6, par. 1, lett. a) del Regolamento. Il conferimento dei dati per queste finalit\u00e0 \u00e8 facoltativo, ma l\u2019eventuale mancato conferimento comporterebbe l\u2019impossibilit\u00e0 di ottenere il riscontro richiesto;<\/li>\n<li>eseguire gli obblighi previsti da leggi o regolamenti. Per tale finalit\u00e0, il trattamento \u00e8 necessario per adempiere ad un obbligo legale a cui il Titolare \u00e8 soggetto, ai sensi dell\u2019art. 6, par. 1, lett. c) del Regolamento.<\/li>\n<li>la tutela del Titolare in sede giudiziaria. Per tale finalit\u00e0, il trattamento \u00e8 necessario per il perseguimento del legittimo interesse del Titolare ai sensi dell\u2019art. 6, par. 1, lett. f) del Regolamento;<\/li>\n<\/ol>\n<p><strong>\u00a0<\/strong><\/p>\n<p><strong>SOGGETTI A CUI POTRANNO ESSERE COMUNICATI I DATI PERSONALI<\/strong><\/p>\n<p>I dati personali relativi al trattamento in questione possono essere comunicati anche a soggetti a cui sia riconosciuta la facolt\u00e0 di accedere ai Vostri dati personali da norme di legge o di normative secondarie e\/o comunitarie. I suoi dati potranno essere comunicati esclusivamente a soggetti competenti e debitamente nominati per l\u2019espletamento dei servizi necessari ad una corretta gestione del rapporto, con garanzia di tutela dei diritti dell\u2019interessato.\u00a0 Inoltre alcuni dati possono essere comunicati e diffusi agli operatori internet di cui STUDIO ASSOCIATO GIAMPIETRO E GRASSEDONIO si avvale per la gestione dei propri domini.<\/p>\n<p>I suoi dati personali non verranno diffusi in nessun modo.<\/p>\n<p><strong>\u00a0<\/strong><\/p>\n<p><strong>PERIODO DI CONSERVAZIONE DEI DATI<\/strong><\/p>\n<p>Le segnaliamo che, nel rispetto dei principi di liceit\u00e0, limitazione delle finalit\u00e0 e minimizzazione dei dati, ai sensi dell\u2019art. 5 del GDPR, il periodo di conservazione dei Suoi dati personali \u00e8 stabilito per un periodo necessario all\u2019espletamento dei servizi richiesti e in ottemperanza delle normative vigenti circa la conservazione di documentazione fiscale, tributaria e contrattuale.<\/p>\n<p>&nbsp;<\/p>\n<p><strong>DIRITTI DEGLI INTERESSATI<\/strong><\/p>\n<ol>\n<li>L&#8217;interessato ha diritto di ottenere la conferma dell&#8217;esistenza o meno di dati personali che lo riguardano, anche se non ancora registrati, e la loro comunicazione in forma intelligibile.<\/li>\n<\/ol>\n<p>&nbsp;<\/p>\n<ol start=\"2\">\n<li>L&#8217;interessato ha diritto di ottenere l&#8217;indicazione:<\/li>\n<li>dell&#8217;origine dei dati personali;<\/li>\n<li>delle finalit\u00e0 e modalit\u00e0 del trattamento;<\/li>\n<li>della logica applicata in caso di trattamento effettuato con l&#8217;ausilio di strumenti elettronici;<\/li>\n<li>degli estremi identificativi del titolare, dei responsabili e del rappresentante designato ai sensi dell&#8217;articolo 5, comma 2;<\/li>\n<li>dei soggetti o delle categorie di soggetti ai quali i dati personali possono essere comunicati o che possono venirne a conoscenza in qualit\u00e0 di rappresentante designato nel territorio dello Stato, di responsabili o incaricati.<\/li>\n<\/ol>\n<p>&nbsp;<\/p>\n<ol start=\"3\">\n<li>L&#8217;interessato ha diritto di ottenere:<\/li>\n<li>l&#8217;aggiornamento, la rettifica ovvero, quando vi ha interesse, l&#8217;integrazione dei dati;<\/li>\n<li>la cancellazione, la trasformazione in forma anonima o il blocco dei dati trattati in violazione di legge, compresi quelli di cui non \u00e8 necessaria la conservazione in relazione agli scopi per i quali i dati sono stati raccolti o successivamente trattati;<\/li>\n<li>l&#8217;attestazione che le operazioni di cui alle lettere a) e b) sono state portate a conoscenza, anche per quanto riguarda il loro contenuto, di coloro ai quali i dati sono stati comunicati o diffusi, eccettuato il caso in cui tale adempimento si rivela impossibile o comporta un impiego di mezzi manifestamente sproporzionato rispetto al diritto tutelato;<\/li>\n<li>la portabilit\u00e0 dei dati.<\/li>\n<\/ol>\n<p>&nbsp;<\/p>\n<ol start=\"4\">\n<li>L&#8217;interessato ha diritto di opporsi, in tutto o in parte:<\/li>\n<li>per motivi legittimi al trattamento dei dati personali che lo riguardano, ancorch\u00e9 pertinenti allo scopo della raccolta;<\/li>\n<li>al trattamento di dati personali che lo riguardano a fini di invio di materiale pubblicitario o di vendita diretta o per il compimento di ricerche di mercato o di comunicazione commerciale.<\/li>\n<li>L\u2019interessato ha diritto di richiedere la limitazione del trattamento.<\/li>\n<\/ol>\n<p>&nbsp;<\/p>\n<p>Pu\u00f2 esercitare i suoi diritti inviando una mail a amministrazione@giampietrograssedonio.it o inviando richiesta scritta ai recapiti sopra specificati.<\/p>\n<p>&nbsp;<\/p>\n<p>Inoltre, l\u2019interessato nel caso ritenga che il trattamento dei propri dati sia contrario alla normativa in vigore pu\u00f2 proporre reclamo all\u2019Autorit\u00e0 di controllo per la protezione dei dati personali ai sensi dell\u2019art. 77 del Regolamento 2016\/679 oppure presentare una segnalazione ai sensi dell\u2019art. 144 del d.lgs. 101\/2018.<\/p>\n<p>&nbsp;<\/p>\n<p><strong>SERVIZIO ANTISPAM \u2013 RECAPTCHA <\/strong><\/p>\n<p><strong>\u00a0<\/strong><\/p>\n<p>In determinate sezione del sito web, ovvero sui moduli di raccolta dati, abbiamo implementato il servizio antispam.<\/p>\n<p>Il Captcha \u00e8 un tipo di misura di sicurezza, nota come autenticazione Challenge\/Response che analizza il traffico del sito web, effettuando un trattamento dei dati personali dell\u2019utente, al fine di proteggere il proprietario del sito, il sito stesso e gli utenti dallo spam, software bot, worm, spam bot, attacchi di forza bruta e dalla decriptazione delle password chiedendo loro di superare un semplice test che prova che l\u2019utente \u00e8 una persona e non un computer che sta tentando di violare un account protetto da password.<\/p>\n<p>&nbsp;<\/p>\n<p><strong>INFORMATIVA SUI COOKIE<\/strong><\/p>\n<p>Questo sito web utilizza diversi tipi di cookie. Utilizziamo i cookie per personalizzare contenuti e per analizzare il nostro traffico. Condividiamo inoltre informazioni sul modo in cui utilizza il nostro sito con i nostri partner che si occupano di analisi dei dati web, i quali potrebbero combinarle con altre informazioni che ha fornito loro o che hanno raccolto dal suo utilizzo dei loro servizi.<\/p>\n<p>I cookie sono piccoli file di testo che possono essere utilizzati dai siti web per rendere pi\u00f9 efficiente l&#8217;esperienza per l&#8217;utente. Per visualizzare i cookie presenti sul sito clicca <a href=\"https:\/\/giampietrograssedonio.it\/web\/\">qui<\/a>. La legge afferma che possiamo memorizzare i cookie sul suo dispositivo se sono strettamente necessari per il funzionamento di questo sito. Per tutti gli altri tipi di cookie abbiamo bisogno del suo consenso.<\/p>\n<p><strong>\u00a0<\/strong><\/p>\n<p><strong>Ulteriori informazioni<\/strong><\/p>\n<p>Per ulteriori informazioni sui cookie e sul loro utilizzo, visitate:<\/p>\n<p>All About Cookies.org <a href=\"http:\/\/www.allaboutcookies.org\">www.allaboutcookies.org<\/a><\/p>\n<p>Wikipedia <a href=\"http:\/\/en.wikipedia.org\/wiki\/HTTP_cookie\">http:\/\/en.wikipedia.org\/wiki\/HTTP_cookie<\/a><\/p>\n<p>&nbsp;<\/p>\n<p><span style=\"font-weight: 400;\">Rev. 2 del 18.12.2024<\/span><\/p>\n<p>[\/vc_column_text][\/vc_column][\/vc_row]<\/p>\n","protected":false},"excerpt":{"rendered":"<p>[vc_row][vc_column][vc_column_text] INFORMATIVA PER IL TRATTAMENTO DI DATI\u00a0 In questa pagina si descrivono le modalit\u00e0 di gestione del sito in riferimento al trattamento dei dati personali degli utenti che lo consultano, nonch\u00e9 modalit\u00e0 e finalit\u00e0 di trattamento dei dati personali. Si tratta di un\u2019informativa resa ai sensi degli artt.13-14 del Regolamento (UE) 2016\/679 -di seguito, GDPR [&hellip;]<\/p>\n","protected":false},"author":1,"featured_media":0,"parent":0,"menu_order":0,"comment_status":"closed","ping_status":"open","template":"","meta":{"footnotes":""},"class_list":["post-3","page","type-page","status-publish","hentry"],"_links":{"self":[{"href":"https:\/\/giampietrograssedonio.it\/web\/wp-json\/wp\/v2\/pages\/3","targetHints":{"allow":["GET"]}}],"collection":[{"href":"https:\/\/giampietrograssedonio.it\/web\/wp-json\/wp\/v2\/pages"}],"about":[{"href":"https:\/\/giampietrograssedonio.it\/web\/wp-json\/wp\/v2\/types\/page"}],"author":[{"embeddable":true,"href":"https:\/\/giampietrograssedonio.it\/web\/wp-json\/wp\/v2\/users\/1"}],"replies":[{"embeddable":true,"href":"https:\/\/giampietrograssedonio.it\/web\/wp-json\/wp\/v2\/comments?post=3"}],"version-history":[{"count":9,"href":"https:\/\/giampietrograssedonio.it\/web\/wp-json\/wp\/v2\/pages\/3\/revisions"}],"predecessor-version":[{"id":779,"href":"https:\/\/giampietrograssedonio.it\/web\/wp-json\/wp\/v2\/pages\/3\/revisions\/779"}],"wp:attachment":[{"href":"https:\/\/giampietrograssedonio.it\/web\/wp-json\/wp\/v2\/media?parent=3"}],"curies":[{"name":"wp","href":"https:\/\/api.w.org\/{rel}","templated":true}]}}