{"id":69,"date":"2016-04-20T15:37:17","date_gmt":"2016-04-20T15:37:17","guid":{"rendered":"http:\/\/tommustester.wpengine.com\/?page_id=69"},"modified":"2021-08-04T16:39:00","modified_gmt":"2021-08-04T14:39:00","slug":"la-storia","status":"publish","type":"page","link":"https:\/\/giampietrograssedonio.it\/web\/la-storia\/","title":{"rendered":"La Storia"},"content":{"rendered":"<p>[vc_row css=&#8221;.vc_custom_1461434394018{padding-bottom: 0px !important;}&#8221;][vc_column width=&#8221;1\/12&#8243;][\/vc_column][vc_column width=&#8221;10\/12&#8243;][vc_single_image image=&#8221;687&#8243; img_size=&#8221;full&#8221; alignment=&#8221;center&#8221;][\/vc_column][vc_column width=&#8221;1\/12&#8243;][\/vc_column][\/vc_row][vc_row css=&#8221;.vc_custom_1461434435084{padding-bottom: 0px !important;}&#8221;][vc_column width=&#8221;2\/12&#8243;][\/vc_column][vc_column width=&#8221;4\/12&#8243;][vc_column_text]<\/p>\n<h2>La Storia<\/h2>\n<p>&nbsp;<\/p>\n<p id=\"u1839-3\">E\u2019 dall\u2019intuizione del Rag. Pietro Giampietro \u2013 gi\u00e0 Funzionario imposte e tasse presso l\u2019Ufficio del Registro dal 1946 \u2013 che nel 1964 viene fondato uno dei primi studi professionali di Carignano.\u00a0 Lo studio svolgeva la propria attivit\u00e0 in parte dei locali in cui ancora oggi con le opportune modifiche e ampliamenti viene praticata la professione. Sono anni in cui nella provincia dominano le attivit\u00e0 artigianali ed un forte e radicato commercio, settori cui si rivolge principalmente l\u2019attivit\u00e0 svolta dall\u2019ufficio.<\/p>\n<p id=\"u1839-6\">Nel 1977, divenuta Consulente del Lavoro, la figlia Raffaella Giampietro entra nella realt\u00e0 professionale paterna e con un costante lavoro di apprendimento e grazie all\u2019avvento\u00a0 delle prime tecnologie nella gestione della professione, muove i propri passi nello sviluppo di attivit\u00e0 diverse, come la gestione del personale, assistenza e consulenza a societ\u00e0 di persone e le prime aziende in contabilit\u00e0 ordinaria. Gli anni Novanta e Duemila hanno conosciuto un ulteriore incremento delle competenze professionali offerte, con la creazione di uno studio moderno ed informatizzato, capace di raccogliere le sfide sulla gestione integrata dei rapporti con le Imprese e l\u2019Amministrazione Finanziaria.<\/p>\n<p>[\/vc_column_text][\/vc_column][vc_column width=&#8221;4\/12&#8243;][vc_column_text]<\/p>\n<p id=\"u1839-9\">Dal 2006 collabora con lo Studio il figlio Andrea Grassedonio \u2013 Dottore Commercialista e Revisore Legale \u2013 con cui nel 2008 viene costituito lo Studio Associato Giampietro e Grassedonio. Vengono ulteriormente implementati i servizi offerti ai Clienti, grazie all\u2019espandersi di internet si riducono le distanze e si semplificano i rapporti professionista\/azienda, nonch\u00e9 senza tralasciare tutte le attivit\u00e0 che hanno creato una solida realt\u00e0 professionale riconosciuta dai nostri clienti, si presta consulenza specifica a societ\u00e0 di capitali e si assistono i Clienti nel contenzioso tributario.<\/p>\n<p id=\"u1839-12\">In un\u2019ottica di continuit\u00e0 del lavoro e sviluppi verso nuove realt\u00e0, dal 2012 anche il figlio Diego Grassedonio \u2013 Avvocato \u2013 si associa allo studio, prestando la propria opera nelle attivit\u00e0 gestite per i Clienti, soprattutto prestando consulenze nel campo del diritto minorile principalmente per realt\u00e0 internazionali come l\u2019organizzazione umanitaria Save The Children e con UNICRI (United Nations Interregional Crime and Justice Research Institute).<\/p>\n<p id=\"u1839-15\">Lo Studio Associato Giampietro e Grassedonio si avvale di collaboratrici tutte dipendenti dirette dello studio che vantano anzianit\u00e0 di collaborazione pi\u00f9 che decennali, per garantire certezze ai clienti che quotidianamente ci chiamano o ci scrivono e vanta inoltre una pluriennale collaborazione per i programmi software gestionali con una software house consolidata a livello nazionale capace di offrire solidit\u00e0 e rapidit\u00e0 alle necessit\u00e0 sempre pi\u00f9 pressanti nello svolgimento quotidiano della professione.<\/p>\n<p>[\/vc_column_text][\/vc_column][vc_column width=&#8221;2\/12&#8243;][\/vc_column][\/vc_row][vc_row css=&#8221;.vc_custom_1461581232370{padding-bottom: 0px !important;}&#8221;][vc_column width=&#8221;2\/12&#8243;][\/vc_column][vc_column width=&#8221;8\/12&#8243;][vc_column_text]<\/p>\n<blockquote>\n<p style=\"text-align: center;\">\u201cProfessionalit\u00e0 e competenza\u00a0<br class=\"hidden-xs\" \/>per affiancare al meglio\u00a0<br class=\"hidden-xs\" \/>i nostri clienti\u201d<\/p>\n<\/blockquote>\n<p>[\/vc_column_text][\/vc_column][vc_column width=&#8221;2\/12&#8243;][\/vc_column][\/vc_row][vc_row][vc_column][vc_column_text]<\/p>\n<hr \/>\n<p>[\/vc_column_text][vc_empty_space height=&#8221;120px&#8221;]\n\t\t<div class=\"section-about-principles\">\n\t\t\t<div class=\"row\">\n\t\t\t\t<div class=\"col-sm-12\">\n\t\t\t\t\t<div class=\"boxed boxed--lg bg--dark text-center\">\n\t\t\t\t\t\t<h6>MISSION<\/h6>\n\t\t\t\t\t\t<i class=\"icon--partner icon-compass\"><\/i>\n\t\t\t\t\t\t<div>\n\t\t\t\t\t\t\t<div class=\"col-sm-6 text-center\">\n\t\t\t\t\t\t\t\t<h1>Affidabilit\u00e0<\/h1>\n\t\t\t\t\t\t\t\t<p>La regola base della professione del Commercialista<br \/>\nche vede nel rapporto fiduciario con il cliente<br \/>\nil vero punto di forza della sua consulenza<\/p>\n\n\t\t\t\t\t\t\t<\/div>\n\t\t\t\t\t\t\t<div class=\"col-sm-6 text-center\">\n\t\t\t\t\t\t\t\t<h1>Innovazione<\/h1>\n\t\t\t\t\t\t\t\t<p>Un team giovane in continua formazione,<br \/>\nsempre attento alle innovazioni tecnologiche<br \/>\ne alle novit\u00e0 normative<\/p>\n\n\t\t\t\t\t\t\t<\/div>\n\t\t\t\t\t\t\t<div class=\"col-sm-6 text-center\">\n\t\t\t\t\t\t\t\t<h1>Passione<\/h1>\n\t\t\t\t\t\t\t\t<p>Come una grande famiglia, siamo vicini<br \/>\nai nostri clienti, mirando a generare<br \/>\nstabili relazioni di collaborazione<\/p>\n\n\t\t\t\t\t\t\t\t<\/div>\n\t\t\t\t\t\t\t<\/div>\n\t\t\t\t\t\t\t<div class=\"col-sm-6 text-center\">\n\t\t\t\t\t\t\t\t<h1>Dinamismo<\/h1>\n\t\t\t\t\t\t\t\t<p>Siamo un team giovane e attivo,<br \/>\nfocalizzato su risposte tempestive e fortemente<br \/>\npersonalizzate rispetto alle mutevoli esigenze dei clienti<\/p>\n\n\t\t\t\t\t\t\t<\/div>\n\t\t\t\t\t\t<\/div><!--end of principles-->\n\t\t\t\t\t<\/div>\n\t\t\t\t<\/div>\n\t\t\t<\/div><!--end of row-->\n\t\t<\/div>\n\t[\/vc_column][\/vc_row]<\/p>\n","protected":false},"excerpt":{"rendered":"<p>[vc_row css=&#8221;.vc_custom_1461434394018{padding-bottom: 0px !important;}&#8221;][vc_column width=&#8221;1\/12&#8243;][\/vc_column][vc_column width=&#8221;10\/12&#8243;][vc_single_image image=&#8221;687&#8243; img_size=&#8221;full&#8221; alignment=&#8221;center&#8221;][\/vc_column][vc_column width=&#8221;1\/12&#8243;][\/vc_column][\/vc_row][vc_row css=&#8221;.vc_custom_1461434435084{padding-bottom: 0px !important;}&#8221;][vc_column width=&#8221;2\/12&#8243;][\/vc_column][vc_column width=&#8221;4\/12&#8243;][vc_column_text] La Storia &nbsp; E\u2019 dall\u2019intuizione del Rag. Pietro Giampietro \u2013 gi\u00e0 Funzionario imposte e tasse presso l\u2019Ufficio del Registro dal 1946 \u2013 che nel 1964 viene fondato uno dei primi studi professionali di Carignano.\u00a0 Lo studio svolgeva la propria attivit\u00e0 [&hellip;]<\/p>\n","protected":false},"author":1,"featured_media":0,"parent":0,"menu_order":0,"comment_status":"closed","ping_status":"closed","template":"","meta":{"footnotes":""},"class_list":["post-69","page","type-page","status-publish","hentry"],"_links":{"self":[{"href":"https:\/\/giampietrograssedonio.it\/web\/wp-json\/wp\/v2\/pages\/69","targetHints":{"allow":["GET"]}}],"collection":[{"href":"https:\/\/giampietrograssedonio.it\/web\/wp-json\/wp\/v2\/pages"}],"about":[{"href":"https:\/\/giampietrograssedonio.it\/web\/wp-json\/wp\/v2\/types\/page"}],"author":[{"embeddable":true,"href":"https:\/\/giampietrograssedonio.it\/web\/wp-json\/wp\/v2\/users\/1"}],"replies":[{"embeddable":true,"href":"https:\/\/giampietrograssedonio.it\/web\/wp-json\/wp\/v2\/comments?post=69"}],"version-history":[{"count":8,"href":"https:\/\/giampietrograssedonio.it\/web\/wp-json\/wp\/v2\/pages\/69\/revisions"}],"predecessor-version":[{"id":688,"href":"https:\/\/giampietrograssedonio.it\/web\/wp-json\/wp\/v2\/pages\/69\/revisions\/688"}],"wp:attachment":[{"href":"https:\/\/giampietrograssedonio.it\/web\/wp-json\/wp\/v2\/media?parent=69"}],"curies":[{"name":"wp","href":"https:\/\/api.w.org\/{rel}","templated":true}]}}