{"id":698,"date":"2021-08-05T16:04:52","date_gmt":"2021-08-05T14:04:52","guid":{"rendered":"http:\/\/www.giampietrograssedonio.it\/web\/?page_id=698"},"modified":"2025-09-01T10:44:17","modified_gmt":"2025-09-01T08:44:17","slug":"download-doc","status":"publish","type":"page","link":"https:\/\/giampietrograssedonio.it\/web\/download-doc\/","title":{"rendered":"Download documenti"},"content":{"rendered":"<p>[vc_row css=&#8221;.vc_custom_1628172532735{padding-bottom: 0px !important;}&#8221;][vc_column][vc_single_image image=&#8221;720&#8243; img_size=&#8221;full&#8221; alignment=&#8221;center&#8221;][vc_empty_space height=&#8221;62px&#8221;][vc_column_text]<\/p>\n<p id=\"u1839-6\">Per pratiche urgenti da comunicare allo Studio durante la chiusura per ferie e festivit\u00e0, \u00e8 possibile scaricare i documenti presenti in questa sezione. Le comunicazioni saranno visionate alla riapertura dello Studio e prontamente riceverete risposta in merito ai quesiti ricevuti.<\/p>\n<p>Con riferimento ai rapporti di lavoro dipendente, si specifica che<\/p>\n<ul>\n<li>Per eventuali <strong>assunzioni da effettuare nel periodo di chiusura dello Studio<\/strong>, \u00e8 possibile effettuare una comunicazione preventiva al fine di evitare la maxisanzione per lavoro sommerso se:\n<ul>\n<li>Sia preventivamente inviata una comunicazione accedendo tramite le proprie credenziali dello SPID a questo link: <a id=\"LPlnk233814\" href=\"https:\/\/couniurg.lavoro.gov.it\/\">https:\/\/couniurg.lavoro.gov.it\/<\/a>\u00a0anticipatamente rispetto all\u2019avvio del rapporto di lavoro; tale comunicazione occorre sia effettuata entro le 24 ore precedenti l\u2019avvio del rapporto di lavoro, compilando il documento allegato alla presente;<\/li>\n<li>Si comunichi allo Studio la comunicazione effettuata nella stessa giornata dell&#8217;invio del fax, affinch\u00e8 lo Studio alla riapertura possa tempestivamente e senza incorrere in alcuna sanzione effettuare la comunicazione agli Organi competenti:<\/li>\n<li>Con riferimento a trasformazioni (es. da lavoro a tempo determinato a indeterminato), proroghe (di tempo determinato entro i 12 mesi normativamente previsti e se non si eccedono le 4 proroghe massime consentite normativamente) o cessazioni, non \u00e8 richiesta alcuna comunicazione preventiva. Normativamente le tali comunicazioni andrebbero effettuate entro i 5 giorni successivi alla modifica, ma essendo lo Studio chiuso per ferie, la norma consente la possibilit\u00e0 di effettuare la comunicazione nel primo giorno utile successivo alla riapertura dello Studio. Vi invitiamo quindi a comunicarci eventuali trasformazioni, proroghe o cessazioni intercorse durante il periodo di chiusura per ottemperare agli obblighi normativi.<\/li>\n<\/ul>\n<\/li>\n<\/ul>\n<p>&nbsp;<\/p>\n<ul>\n<li>Per eventuali <strong>comunicazioni per lavoratori a chiamata o intermittenti<\/strong>, sar\u00e0 possibile compilando il nodulo UNI intermittente effettuare una comunicazione preventiva alla mail <a href=\"mailto:intermittenti@pec.lavoro.it\">intermittenti@pec.lavoro.it<\/a>. Tale comunicazione potr\u00e0 essere anche effettuata lo stesso giorno in cui il lavoratore prester\u00e0 servizio, purch\u00e8 precedente l&#8217;avvio della stessa. Se il lavoratore non si dovesse presentare per la prestazione concordata, la comunicazione tessa dovr\u00e0 essere annullata (diversamente l&#8217;Ente potrebbe contestare la mancata indicazione sul LUL la giornata\/le giornate lavorative del dipendente) barrando la casella &#8220;annullamento&#8221; sulla stessa comunicazione da inviare alla medesima mail entro le 48 ore successive al giorno in cui la prestazione doveva essere resa.<\/li>\n<\/ul>\n<p>&nbsp;<\/p>\n<ul>\n<li>Per eventuali <strong>comunicazioni di infortunio sul lavor<\/strong>o, in caso di prognosi da astensione dal lavoro superiore a 3 giorni dovr\u00e0 effettuare una comunicazione dalla pec aziendale alla pec della sede Inail di competenza entro 48 ore dalla ricezione del certificato medico. Occorrer\u00e0 comunicare\n<ul>\n<li>Invio copia denuncia di infortunio (documento allegato) debitamente compilato e sottoscritto. In parallelo potr\u00e0 inviare una copia anche al nostro Studio affinch\u00e8 alla riapertura potremo comunicarlo agli uffici competenti;<\/li>\n<li>Con riferimento alla sede Inail competente, si pu\u00f2 accedere al sito <a href=\"https:\/\/www.inail.it\/cs\/internet\/home.html\" target=\"_blank\" rel=\"noopener\">www.inail.it<\/a> e dalla sezione &#8220;recapiti e contatti&#8221; cliccare sul link &#8220;sedi&#8221; immettere il Cap di residenza del lavoratore e cliccando apparir\u00e0 l&#8217;Inail di competenza e potr\u00e0 visionare la Pec cui inviare il documento;<\/li>\n<li>La denuncia di infortunio dovr\u00e0 essere compilata in tutte le sue parti, salvo la sezione &#8220;dati retributivi&#8221;.<\/li>\n<\/ul>\n<\/li>\n<\/ul>\n<p>[\/vc_column_text][\/vc_column][\/vc_row][vc_row][vc_column][vc_empty_space height=&#8221;120px&#8221;][vc_column_text]<\/p>\n<h4>DOCUMENTI DA SCARICARE<\/h4>\n<p>[\/vc_column_text][vc_empty_space height=&#8221;60px&#8221;][vc_row_inner][vc_column_inner width=&#8221;1\/2&#8243;]\n\t\t\t<div class=\"icon-feature\">\n\t\t\t\t<a href=\"https:\/\/giampietrograssedonio.it\/web\/wp-content\/uploads\/2025\/07\/CHIUSURA-STUDIO.pdf\" target=\"blank\">\n\t\t\t\t<div class=\"icon-feature__title\">\n\t\t\t\t\t<i class=\"ion-android-exit\"><\/i>\n\t\t\t\t\t<h4>Comunicazione Studio<\/h4>\n\t\t\t\t<\/div>\n\t\t\t\t\n\t\t\t\t<\/a>\n\t\t\t<\/div>\n\t\t\n\t\t\t<div class=\"icon-feature\">\n\t\t\t\t<a href=\"https:\/\/giampietrograssedonio.it\/web\/wp-content\/uploads\/2021\/08\/Infortunio.pdf\" target=\"blank\">\n\t\t\t\t<div class=\"icon-feature__title\">\n\t\t\t\t\t<i class=\"ion-android-archive\"><\/i>\n\t\t\t\t\t<h4>Infortunio<\/h4>\n\t\t\t\t<\/div>\n\t\t\t\t\n\t\t\t\t<\/a>\n\t\t\t<\/div>\n\t\t[\/vc_column_inner][vc_column_inner width=&#8221;1\/2&#8243;]\n\t\t\t<div class=\"icon-feature\">\n\t\t\t\t<a href=\"https:\/\/giampietrograssedonio.it\/web\/wp-content\/uploads\/2022\/08\/COMPILAZIONE-UNILAVURG.pdf\" target=\"blank\">\n\t\t\t\t<div class=\"icon-feature__title\">\n\t\t\t\t\t<i class=\"ion-android-archive\"><\/i>\n\t\t\t\t\t<h4>Assunzione<\/h4>\n\t\t\t\t<\/div>\n\t\t\t\t\n\t\t\t\t<\/a>\n\t\t\t<\/div>\n\t\t\n\t\t\t<div class=\"icon-feature\">\n\t\t\t\t<a href=\"https:\/\/giampietrograssedonio.it\/web\/wp-content\/uploads\/2021\/08\/Intermittenti.pdf\" target=\"blank\">\n\t\t\t\t<div class=\"icon-feature__title\">\n\t\t\t\t\t<i class=\"ion-android-archive\"><\/i>\n\t\t\t\t\t<h4>Intermittenti<\/h4>\n\t\t\t\t<\/div>\n\t\t\t\t\n\t\t\t\t<\/a>\n\t\t\t<\/div>\n\t\t[\/vc_column_inner][\/vc_row_inner][\/vc_column][\/vc_row]<\/p>\n","protected":false},"excerpt":{"rendered":"<p>[vc_row css=&#8221;.vc_custom_1628172532735{padding-bottom: 0px !important;}&#8221;][vc_column][vc_single_image image=&#8221;720&#8243; img_size=&#8221;full&#8221; alignment=&#8221;center&#8221;][vc_empty_space height=&#8221;62px&#8221;][vc_column_text] Per pratiche urgenti da comunicare allo Studio durante la chiusura per ferie e festivit\u00e0, \u00e8 possibile scaricare i documenti presenti in questa sezione. Le comunicazioni saranno visionate alla riapertura dello Studio e prontamente riceverete risposta in merito ai quesiti ricevuti. Con riferimento ai rapporti di lavoro dipendente, [&hellip;]<\/p>\n","protected":false},"author":1,"featured_media":0,"parent":0,"menu_order":0,"comment_status":"closed","ping_status":"closed","template":"","meta":{"footnotes":""},"class_list":["post-698","page","type-page","status-publish","hentry"],"_links":{"self":[{"href":"https:\/\/giampietrograssedonio.it\/web\/wp-json\/wp\/v2\/pages\/698","targetHints":{"allow":["GET"]}}],"collection":[{"href":"https:\/\/giampietrograssedonio.it\/web\/wp-json\/wp\/v2\/pages"}],"about":[{"href":"https:\/\/giampietrograssedonio.it\/web\/wp-json\/wp\/v2\/types\/page"}],"author":[{"embeddable":true,"href":"https:\/\/giampietrograssedonio.it\/web\/wp-json\/wp\/v2\/users\/1"}],"replies":[{"embeddable":true,"href":"https:\/\/giampietrograssedonio.it\/web\/wp-json\/wp\/v2\/comments?post=698"}],"version-history":[{"count":26,"href":"https:\/\/giampietrograssedonio.it\/web\/wp-json\/wp\/v2\/pages\/698\/revisions"}],"predecessor-version":[{"id":787,"href":"https:\/\/giampietrograssedonio.it\/web\/wp-json\/wp\/v2\/pages\/698\/revisions\/787"}],"wp:attachment":[{"href":"https:\/\/giampietrograssedonio.it\/web\/wp-json\/wp\/v2\/media?parent=698"}],"curies":[{"name":"wp","href":"https:\/\/api.w.org\/{rel}","templated":true}]}}